{"id":1641,"date":"2015-03-05T23:03:30","date_gmt":"2015-03-05T22:03:30","guid":{"rendered":"http:\/\/summit.snowy.pl\/?page_id=1641"},"modified":"2015-03-05T23:03:30","modified_gmt":"2015-03-05T22:03:30","slug":"kreta","status":"publish","type":"page","link":"https:\/\/summit.snowy.pl\/?page_id=1641","title":{"rendered":"Kreta"},"content":{"rendered":"<ul class=\"lcp_catlist\" id=\"lcp_instance_0\"><li><a href=\"https:\/\/summit.snowy.pl\/?p=1265\">Grecja &#8211; Kreta- Apartamenty Mediterranea i pla\u017cowanie<\/a><\/li><li><a href=\"https:\/\/summit.snowy.pl\/?p=1635\">Kreta krajobrazy jednego dnia- Jaskinia Nied\u017awiedzia,Tajemnicze Klasztory: Moni Gouvernetou, Tzargalon i Katholiko<\/a><\/li><li><a href=\"https:\/\/summit.snowy.pl\/?p=1685\">Kreta &#8211; ten sam dzie\u0144 widziany oczami natury: Rzeka \u017b\u00f3\u0142wi, Jezioro Kournas<\/a><\/li><li><a href=\"https:\/\/summit.snowy.pl\/?p=1706\">Kreta &#8211; w\u0119drujemy dalej: Ogr\u00f3d Botaniczny.<\/a><\/li><li><a href=\"https:\/\/summit.snowy.pl\/?p=1721\">Najwy\u017csza g\u00f3ra Krety Psiloritis znana r\u00f3wnie\u017c jako Mount Ida lub Timios Stravos &#8211; 2456 m. n.p.m<\/a><\/li><li><a href=\"https:\/\/summit.snowy.pl\/?p=1746\">R\u00f3\u017cowe piaski Elafonisi i s\u0142o\u0144ce kryj\u0105ce si\u0119 w\u015br\u00f3d morza wr\u00f3t<\/a><\/li><li><a href=\"https:\/\/summit.snowy.pl\/?p=1777\">Podr\u00f3\u017c do wn\u0119trza Ziemi: Jaskinia Melidoni (Gerontospilios)<\/a><\/li><li><a href=\"https:\/\/summit.snowy.pl\/?p=1810\">Odrobina raju na ziemi. Laguna Balos i wyspa Gramvoussa<\/a><\/li><li><a href=\"https:\/\/summit.snowy.pl\/?p=1820\">Afrata raj dla wytrwa\u0142ych<\/a><\/li><li><a href=\"https:\/\/summit.snowy.pl\/?p=1799\">W\u015br\u00f3d kr\u0119tych uliczek Rethymnonu<\/a><\/li><li><a href=\"https:\/\/summit.snowy.pl\/?p=1825\">I\u015b\u0107 ci\u0105gle i\u015b\u0107. W\u0105w\u00f3z Samaria.<\/a><\/li><li><a href=\"https:\/\/summit.snowy.pl\/?p=1836\">Pani Chania<\/a><\/li><\/ul>\n","protected":false},"excerpt":{"rendered":"","protected":false},"author":1,"featured_media":0,"parent":0,"menu_order":0,"comment_status":"open","ping_status":"open","template":"","meta":{"ngg_post_thumbnail":0,"footnotes":""},"class_list":["post-1641","page","type-page","status-publish","hentry"],"aioseo_notices":[],"_links":{"self":[{"href":"https:\/\/summit.snowy.pl\/index.php?rest_route=\/wp\/v2\/pages\/1641","targetHints":{"allow":["GET"]}}],"collection":[{"href":"https:\/\/summit.snowy.pl\/index.php?rest_route=\/wp\/v2\/pages"}],"about":[{"href":"https:\/\/summit.snowy.pl\/index.php?rest_route=\/wp\/v2\/types\/page"}],"author":[{"embeddable":true,"href":"https:\/\/summit.snowy.pl\/index.php?rest_route=\/wp\/v2\/users\/1"}],"replies":[{"embeddable":true,"href":"https:\/\/summit.snowy.pl\/index.php?rest_route=%2Fwp%2Fv2%2Fcomments&post=1641"}],"version-history":[{"count":1,"href":"https:\/\/summit.snowy.pl\/index.php?rest_route=\/wp\/v2\/pages\/1641\/revisions"}],"predecessor-version":[{"id":1642,"href":"https:\/\/summit.snowy.pl\/index.php?rest_route=\/wp\/v2\/pages\/1641\/revisions\/1642"}],"wp:attachment":[{"href":"https:\/\/summit.snowy.pl\/index.php?rest_route=%2Fwp%2Fv2%2Fmedia&parent=1641"}],"curies":[{"name":"wp","href":"https:\/\/api.w.org\/{rel}","templated":true}]}}