{"id":380,"date":"2014-04-21T13:44:35","date_gmt":"2014-04-21T12:44:35","guid":{"rendered":"http:\/\/summit.snowy.pl\/?page_id=380"},"modified":"2015-05-27T23:40:18","modified_gmt":"2015-05-27T22:40:18","slug":"korona-gor-polskich","status":"publish","type":"page","link":"https:\/\/summit.snowy.pl\/?page_id=380","title":{"rendered":"Korona G\u00f3r Polski"},"content":{"rendered":"<p style=\"text-align: justify;\">W 2014 roku przyst\u0105pili\u015bmy do <a title=\"Korona G\u00f3r Polskich\" href=\"http:\/\/kgp.amos.waw.pl\/\" target=\"_blank\">Klubu Korony G\u00f3r Polski<\/a>. Postanowili\u015bmy zdoby\u0107 wszystkie szczyty wchodz\u0105ce w sk\u0142ad KGP. S\u0105 to najwy\u017csze wzniesienia w danych pasmach g\u00f3rskich, przez kt\u00f3re prowadz\u0105 szlaki.<\/p>\n<p style=\"text-align: justify;\">Lista szczyt\u00f3w:<br \/>\n\n<table id=\"tablepress-1\" class=\"tablepress tablepress-id-1\">\n<thead>\n<tr class=\"row-1\">\n\t<th class=\"column-1\">Nr<\/th><th class=\"column-2\">Pasmo g\u00f3rskie<\/th><th class=\"column-3\">Szczyt<\/th><th class=\"column-4\">m. n. p. m.<\/th><th class=\"column-5\">Data zdobycia<\/th>\n<\/tr>\n<\/thead>\n<tbody class=\"row-striping row-hover\">\n<tr class=\"row-2\">\n\t<td class=\"column-1\">1<\/td><td class=\"column-2\">G\u00f3ry \u015awi\u0119tokrzyskie<\/td><td class=\"column-3\">\u0141YSICA<\/td><td class=\"column-4\">612<\/td><td class=\"column-5\"><a href=\"http:\/\/summit.snowy.pl\/?p=1222\">2014-08-17<\/a><\/td>\n<\/tr>\n<tr class=\"row-3\">\n\t<td class=\"column-1\">2<\/td><td class=\"column-2\">Masyw \u015al\u0119\u017cy (Przedg\u00f3rze Sudeckie)<\/td><td class=\"column-3\">\u015aL\u0118\u017bA<\/td><td class=\"column-4\">718<\/td><td class=\"column-5\"><\/td>\n<\/tr>\n<tr class=\"row-4\">\n\t<td class=\"column-1\">3<\/td><td class=\"column-2\">G\u00f3ry Kaczawskie<\/td><td class=\"column-3\">SKOPIEC<\/td><td class=\"column-4\">724<\/td><td class=\"column-5\"><a href=\"http:\/\/summit.snowy.pl\/?p=2815\">2015-07-25<\/a><\/td>\n<\/tr>\n<tr class=\"row-5\">\n\t<td class=\"column-1\">4<\/td><td class=\"column-2\">G\u00f3ry Bardzkie<\/td><td class=\"column-3\">K\u0141ODZKA G\u00d3RA<\/td><td class=\"column-4\">765<\/td><td class=\"column-5\"><a href=\"http:\/\/summit.snowy.pl\/?p=2001\">2015-02-13<\/a><\/td>\n<\/tr>\n<tr class=\"row-6\">\n\t<td class=\"column-1\">5<\/td><td class=\"column-2\">G\u00f3ry Wa\u0142brzyskie<\/td><td class=\"column-3\">CHE\u0141MIEC<\/td><td class=\"column-4\">869<\/td><td class=\"column-5\"><a href=\"http:\/\/summit.snowy.pl\/?p=2022\">2015-02-14<\/a><\/td>\n<\/tr>\n<tr class=\"row-7\">\n\t<td class=\"column-1\">6<\/td><td class=\"column-2\">G\u00f3ry Opawskie<\/td><td class=\"column-3\">BISKUPIA KOPA<\/td><td class=\"column-4\">889<\/td><td class=\"column-5\"><a href=\"http:\/\/summit.snowy.pl\/?p=1850\">2015-02-08<\/a><\/td>\n<\/tr>\n<tr class=\"row-8\">\n\t<td class=\"column-1\">7<\/td><td class=\"column-2\">Beskid Makowski<\/td><td class=\"column-3\">LUBOMIR<\/td><td class=\"column-4\">912<\/td><td class=\"column-5\"><a href=\"http:\/\/summit.snowy.pl\/?p=2166\">2015-04-06<\/a><\/td>\n<\/tr>\n<tr class=\"row-9\">\n\t<td class=\"column-1\">8<\/td><td class=\"column-2\">G\u00f3ry Sto\u0142owe<\/td><td class=\"column-3\">SZCZELINIEC WIELKI<\/td><td class=\"column-4\">919<\/td><td class=\"column-5\"><a href=\"http:\/\/summit.snowy.pl\/?p=661\">2014-05-02<\/a><\/td>\n<\/tr>\n<tr class=\"row-10\">\n\t<td class=\"column-1\">9<\/td><td class=\"column-2\">Beskid Ma\u0142y<\/td><td class=\"column-3\">CZUPEL<\/td><td class=\"column-4\">934<\/td><td class=\"column-5\"><a href=\"http:\/\/summit.snowy.pl\/?p=265\">2014-04-19<\/a><\/td>\n<\/tr>\n<tr class=\"row-11\">\n\t<td class=\"column-1\">10<\/td><td class=\"column-2\">G\u00f3ry Kamienne<\/td><td class=\"column-3\">WALIG\u00d3RA<\/td><td class=\"column-4\">936<\/td><td class=\"column-5\"><a href=\"http:\/\/summit.snowy.pl\/?p=1891\">2015-02-10<\/a><\/td>\n<\/tr>\n<tr class=\"row-12\">\n\t<td class=\"column-1\">11<\/td><td class=\"column-2\">Rudawy Janowickie<\/td><td class=\"column-3\">SKALNIK<\/td><td class=\"column-4\">945<\/td><td class=\"column-5\"><a href=\"http:\/\/summit.snowy.pl\/?p=2053\">2015-02-12<\/a><\/td>\n<\/tr>\n<tr class=\"row-13\">\n\t<td class=\"column-1\">12<\/td><td class=\"column-2\">G\u00f3ry Bystrzyckie<\/td><td class=\"column-3\">JAGODNA<\/td><td class=\"column-4\">977<\/td><td class=\"column-5\"><a href=\"http:\/\/summit.snowy.pl\/?p=589\">2014-05-01<\/a><\/td>\n<\/tr>\n<tr class=\"row-14\">\n\t<td class=\"column-1\">13<\/td><td class=\"column-2\">G\u00f3ry Z\u0142ote<\/td><td class=\"column-3\">KOWAD\u0141O<\/td><td class=\"column-4\">989<\/td><td class=\"column-5\"><a href=\"http:\/\/summit.snowy.pl\/?p=508\">2014-04-30<\/a><\/td>\n<\/tr>\n<tr class=\"row-15\">\n\t<td class=\"column-1\">14<\/td><td class=\"column-2\">Beskid Niski<\/td><td class=\"column-3\">LACKOWA<\/td><td class=\"column-4\">997<\/td><td class=\"column-5\"><\/td>\n<\/tr>\n<tr class=\"row-16\">\n\t<td class=\"column-1\">15<\/td><td class=\"column-2\">G\u00f3ry Sowie<\/td><td class=\"column-3\">WIELKA SOWA<\/td><td class=\"column-4\">1015<\/td><td class=\"column-5\"><a href=\"http:\/\/summit.snowy.pl\/?p=1939\">2015-02-11<a\/><\/td>\n<\/tr>\n<tr class=\"row-17\">\n\t<td class=\"column-1\">16<\/td><td class=\"column-2\">Pieniny<\/td><td class=\"column-3\">WYSOKA<\/td><td class=\"column-4\">1050<\/td><td class=\"column-5\"><\/td>\n<\/tr>\n<tr class=\"row-18\">\n\t<td class=\"column-1\">17<\/td><td class=\"column-2\">G\u00f3ry Orlickie<\/td><td class=\"column-3\">ORLICA<\/td><td class=\"column-4\">1084<\/td><td class=\"column-5\"><a href=\"http:\/\/summit.snowy.pl\/?p=704\">2014-05-02<\/a><\/td>\n<\/tr>\n<tr class=\"row-19\">\n\t<td class=\"column-1\">18<\/td><td class=\"column-2\">G\u00f3ry Bialskie<\/td><td class=\"column-3\">RUDAWIEC<\/td><td class=\"column-4\">1112<\/td><td class=\"column-5\"><a href=\"http:\/\/summit.snowy.pl\/?p=454\">2014-04-30<\/a><\/td>\n<\/tr>\n<tr class=\"row-20\">\n\t<td class=\"column-1\">19<\/td><td class=\"column-2\">G\u00f3ry Izerskie<\/td><td class=\"column-3\">WYSOKA KOPA<\/td><td class=\"column-4\">1126<\/td><td class=\"column-5\"><a href=\"http:\/\/summit.snowy.pl\/?p=2721\">2015-07-23<\/a><\/td>\n<\/tr>\n<tr class=\"row-21\">\n\t<td class=\"column-1\">20<\/td><td class=\"column-2\">Beskid Wyspowy<\/td><td class=\"column-3\">MOGIELICA<\/td><td class=\"column-4\">1170<\/td><td class=\"column-5\"><\/td>\n<\/tr>\n<tr class=\"row-22\">\n\t<td class=\"column-1\">21<\/td><td class=\"column-2\">Beskid \u015al\u0105ski<\/td><td class=\"column-3\">SKRZYCZNE<\/td><td class=\"column-4\">1257<\/td><td class=\"column-5\"><a href=\"http:\/\/summit.snowy.pl\/?p=320\">2014-04-20<\/a><\/td>\n<\/tr>\n<tr class=\"row-23\">\n\t<td class=\"column-1\">22<\/td><td class=\"column-2\">Beskid S\u0105decki<\/td><td class=\"column-3\">RADZIEJOWA<\/td><td class=\"column-4\">1262<\/td><td class=\"column-5\"><\/td>\n<\/tr>\n<tr class=\"row-24\">\n\t<td class=\"column-1\">23<\/td><td class=\"column-2\">Gorce<\/td><td class=\"column-3\">TURBACZ<\/td><td class=\"column-4\">1310<\/td><td class=\"column-5\"><a href=\"http:\/\/summit.snowy.pl\/?p=2126\">2015-04-04<\/a><\/td>\n<\/tr>\n<tr class=\"row-25\">\n\t<td class=\"column-1\">24<\/td><td class=\"column-2\">Bieszczady<\/td><td class=\"column-3\">TARNICA<\/td><td class=\"column-4\">1346<\/td><td class=\"column-5\"><\/td>\n<\/tr>\n<tr class=\"row-26\">\n\t<td class=\"column-1\">25<\/td><td class=\"column-2\">Masyw \u00a0\u015anie\u017cnika<\/td><td class=\"column-3\">\u015aNIE\u017bNIK<\/td><td class=\"column-4\">1425<\/td><td class=\"column-5\"><a href=\"http:\/\/summit.snowy.pl\/?p=529\">2014-05-01<\/a><\/td>\n<\/tr>\n<tr class=\"row-27\">\n\t<td class=\"column-1\">26<\/td><td class=\"column-2\">Karkonosze<\/td><td class=\"column-3\">\u015aNIE\u017bKA<\/td><td class=\"column-4\">1602<\/td><td class=\"column-5\"><a href=\"http:\/\/summit.snowy.pl\/?p=2787\">2015-07-24<\/a><\/td>\n<\/tr>\n<tr class=\"row-28\">\n\t<td class=\"column-1\">27<\/td><td class=\"column-2\">Beskid \u017bywiecki<\/td><td class=\"column-3\">BABIA G\u00d3RA<\/td><td class=\"column-4\">1725<\/td><td class=\"column-5\"><\/td>\n<\/tr>\n<tr class=\"row-29\">\n\t<td class=\"column-1\">28<\/td><td class=\"column-2\">Tatry<\/td><td class=\"column-3\">RYSY<\/td><td class=\"column-4\">2499<\/td><td class=\"column-5\"><\/td>\n<\/tr>\n<\/tbody>\n<\/table>\n<!-- #tablepress-1 from cache --><br \/>\nPoni\u017cej mapa szczyt\u00f3w. Na zielono zaznaczone s\u0105 zdobyte przez nas szczyty. Na czerwono czekaj\u0105ce na zdobycie.<\/p>\n<p style=\"text-align: justify;\"><iframe loading=\"lazy\" src=\"https:\/\/mapsengine.google.com\/map\/embed?mid=zVTbtL9xr774.kVla2wyTLXO0\" width=\"1000\" height=\"600\"><\/iframe><\/p>\n","protected":false},"excerpt":{"rendered":"<p>W 2014 roku przyst\u0105pili\u015bmy do Klubu Korony G\u00f3r Polski. Postanowili\u015bmy zdoby\u0107 wszystkie szczyty wchodz\u0105ce w sk\u0142ad KGP. S\u0105 to najwy\u017csze wzniesienia w danych pasmach g\u00f3rskich, przez kt\u00f3re prowadz\u0105 szlaki. Lista szczyt\u00f3w: Poni\u017cej mapa szczyt\u00f3w. Na zielono zaznaczone s\u0105 zdobyte przez nas szczyty. Na czerwono czekaj\u0105ce na zdobycie.<\/p>\n","protected":false},"author":1,"featured_media":0,"parent":0,"menu_order":0,"comment_status":"open","ping_status":"open","template":"page-full-width.php","meta":{"ngg_post_thumbnail":0,"footnotes":""},"class_list":["post-380","page","type-page","status-publish","hentry"],"aioseo_notices":[],"_links":{"self":[{"href":"https:\/\/summit.snowy.pl\/index.php?rest_route=\/wp\/v2\/pages\/380","targetHints":{"allow":["GET"]}}],"collection":[{"href":"https:\/\/summit.snowy.pl\/index.php?rest_route=\/wp\/v2\/pages"}],"about":[{"href":"https:\/\/summit.snowy.pl\/index.php?rest_route=\/wp\/v2\/types\/page"}],"author":[{"embeddable":true,"href":"https:\/\/summit.snowy.pl\/index.php?rest_route=\/wp\/v2\/users\/1"}],"replies":[{"embeddable":true,"href":"https:\/\/summit.snowy.pl\/index.php?rest_route=%2Fwp%2Fv2%2Fcomments&post=380"}],"version-history":[{"count":13,"href":"https:\/\/summit.snowy.pl\/index.php?rest_route=\/wp\/v2\/pages\/380\/revisions"}],"predecessor-version":[{"id":503,"href":"https:\/\/summit.snowy.pl\/index.php?rest_route=\/wp\/v2\/pages\/380\/revisions\/503"}],"wp:attachment":[{"href":"https:\/\/summit.snowy.pl\/index.php?rest_route=%2Fwp%2Fv2%2Fmedia&parent=380"}],"curies":[{"name":"wp","href":"https:\/\/api.w.org\/{rel}","templated":true}]}}