{"id":3840,"date":"2016-05-15T21:25:53","date_gmt":"2016-05-15T20:25:53","guid":{"rendered":"http:\/\/summit.snowy.pl\/?page_id=3840"},"modified":"2016-05-15T21:28:04","modified_gmt":"2016-05-15T20:28:04","slug":"pomorska-droga-sw-jakuba","status":"publish","type":"page","link":"https:\/\/summit.snowy.pl\/?page_id=3840","title":{"rendered":"Pomorska Droga \u015aw Jakuba"},"content":{"rendered":"<p style=\"text-align: justify;\">Camino zaczyna si\u0119 od miejsca gdzie mieszkasz. W Polsce jest wiele dr\u00f3g prowadz\u0105cych do Camino. Jest te\u017c droga prowadz\u0105ca do Camino de Santiago na pomorzu &#8211; Pomorska Droga \u015aw. Jakuba.<\/p>\n<p style=\"text-align: justify;\">W tabeli s\u0105 kolejne etapy drogi zaczynaj\u0105c od Gda\u0144ska:<br \/>\n\n<table id=\"tablepress-2\" class=\"tablepress tablepress-id-2\">\n<thead>\n<tr class=\"row-1\">\n\t<th class=\"column-1\">Nr etapu<\/th><th class=\"column-2\">Pocz\u0105tek etapu<\/th><th class=\"column-3\">Koniec Etapu<\/th><th class=\"column-4\">Odleg\u0142o\u015b\u0107<\/th><th class=\"column-5\">Data zdobycia<\/th><th class=\"column-6\">\u015alad GPX<\/th><th class=\"column-7\">Relacja<\/th>\n<\/tr>\n<\/thead>\n<tbody class=\"row-striping row-hover\">\n<tr class=\"row-2\">\n\t<td class=\"column-1\">15<\/td><td class=\"column-2\">Gda\u0144sk<\/td><td class=\"column-3\">Gda\u0144sk Oliwa<\/td><td class=\"column-4\">-<\/td><td class=\"column-5\">-<\/td><td class=\"column-6\">-<\/td><td class=\"column-7\"><\/td>\n<\/tr>\n<tr class=\"row-3\">\n\t<td class=\"column-1\">16<\/td><td class=\"column-2\">Gda\u0144sk Oliwa<\/td><td class=\"column-3\">\u017bukowo<\/td><td class=\"column-4\">-<\/td><td class=\"column-5\">-<\/td><td class=\"column-6\">-<\/td><td class=\"column-7\"><\/td>\n<\/tr>\n<tr class=\"row-4\">\n\t<td class=\"column-1\">17<\/td><td class=\"column-2\">\u017bukowo<\/td><td class=\"column-3\">Kartuzy<\/td><td class=\"column-4\">20 km<\/td><td class=\"column-5\">2016-04-16<\/td><td class=\"column-6\"><a href=\"http:\/\/summit.snowy.pl\/wp-content\/uploads\/2016\/05\/Etap17.zip\">pobierz<\/a><\/td><td class=\"column-7\"><a href=\"http:\/\/summit.snowy.pl\/?p=3785\">opis odcinka<\/a><\/td>\n<\/tr>\n<\/tbody>\n<\/table>\n<!-- #tablepress-2 from cache --><br \/>\nPoni\u017cej mapa drogi z aktualnym stanem odcink\u00f3w kt\u00f3re przeszli\u015bmy. Cienk\u0105 lini\u0105 zaznaczona jest trasa opracowana na podstawie map dost\u0119pnych na stronach <a href=\"http:\/\/www.pomorskadrogaswjakuba.pl\/\">Pomorskiej Drogi \u015aw Jakuba<\/a>\u00a0oraz na <a href=\"https:\/\/pl.wikipedia.org\/wiki\/Pomorska_Droga_%C5%9Bw._Jakuba\">Wikipedii<\/a>. Grubszymi liniami nasza trasa, kt\u00f3ra dok\u0142adnie pokrywa si\u0119 z faktycznym przebiegiem szlaku na podstawie oznacze\u0144 w terenie.<\/p>\n<p style=\"text-align: justify;\"><iframe loading=\"lazy\" src=\"https:\/\/www.google.com\/maps\/d\/embed?mid=1HgM3V4LJ9QrPNZUiuYn3ZSIUzmg\" width=\"640\" height=\"480\"><\/iframe><\/p>\n","protected":false},"excerpt":{"rendered":"<p>Camino zaczyna si\u0119 od miejsca gdzie mieszkasz. W Polsce jest wiele dr\u00f3g prowadz\u0105cych do Camino. Jest te\u017c droga prowadz\u0105ca do Camino de Santiago na pomorzu &#8211; Pomorska Droga \u015aw. Jakuba. W tabeli s\u0105 kolejne etapy drogi zaczynaj\u0105c od Gda\u0144ska: Poni\u017cej mapa drogi z aktualnym stanem odcink\u00f3w kt\u00f3re przeszli\u015bmy. Cienk\u0105 lini\u0105 zaznaczona jest trasa opracowana na [&hellip;]<\/p>\n","protected":false},"author":1,"featured_media":0,"parent":0,"menu_order":0,"comment_status":"closed","ping_status":"closed","template":"","meta":{"ngg_post_thumbnail":0,"footnotes":""},"class_list":["post-3840","page","type-page","status-publish","hentry"],"aioseo_notices":[],"_links":{"self":[{"href":"https:\/\/summit.snowy.pl\/index.php?rest_route=\/wp\/v2\/pages\/3840","targetHints":{"allow":["GET"]}}],"collection":[{"href":"https:\/\/summit.snowy.pl\/index.php?rest_route=\/wp\/v2\/pages"}],"about":[{"href":"https:\/\/summit.snowy.pl\/index.php?rest_route=\/wp\/v2\/types\/page"}],"author":[{"embeddable":true,"href":"https:\/\/summit.snowy.pl\/index.php?rest_route=\/wp\/v2\/users\/1"}],"replies":[{"embeddable":true,"href":"https:\/\/summit.snowy.pl\/index.php?rest_route=%2Fwp%2Fv2%2Fcomments&post=3840"}],"version-history":[{"count":4,"href":"https:\/\/summit.snowy.pl\/index.php?rest_route=\/wp\/v2\/pages\/3840\/revisions"}],"predecessor-version":[{"id":3851,"href":"https:\/\/summit.snowy.pl\/index.php?rest_route=\/wp\/v2\/pages\/3840\/revisions\/3851"}],"wp:attachment":[{"href":"https:\/\/summit.snowy.pl\/index.php?rest_route=%2Fwp%2Fv2%2Fmedia&parent=3840"}],"curies":[{"name":"wp","href":"https:\/\/api.w.org\/{rel}","templated":true}]}}