{"id":3861,"date":"2016-05-15T21:53:48","date_gmt":"2016-05-15T20:53:48","guid":{"rendered":"http:\/\/summit.snowy.pl\/?page_id=3861"},"modified":"2016-05-15T21:53:58","modified_gmt":"2016-05-15T20:53:58","slug":"pomorskim-szlakiem-sw-jakuba","status":"publish","type":"page","link":"https:\/\/summit.snowy.pl\/?page_id=3861","title":{"rendered":"Pomorskim Szlakiem \u015aw. Jakuba"},"content":{"rendered":"<ul class=\"lcp_catlist\" id=\"lcp_instance_0\"><li><a href=\"https:\/\/summit.snowy.pl\/?p=3785\">Przez pola bezdro\u017ca i \u0142\u0105ki &#8230;. z \u017bukowa do Kartuz Etap 17 Pomorskiej Drogi \u015aw. Jakuba<\/a><\/li><\/ul>\n","protected":false},"excerpt":{"rendered":"","protected":false},"author":1,"featured_media":0,"parent":0,"menu_order":0,"comment_status":"closed","ping_status":"closed","template":"","meta":{"ngg_post_thumbnail":0,"footnotes":""},"class_list":["post-3861","page","type-page","status-publish","hentry"],"aioseo_notices":[],"_links":{"self":[{"href":"https:\/\/summit.snowy.pl\/index.php?rest_route=\/wp\/v2\/pages\/3861","targetHints":{"allow":["GET"]}}],"collection":[{"href":"https:\/\/summit.snowy.pl\/index.php?rest_route=\/wp\/v2\/pages"}],"about":[{"href":"https:\/\/summit.snowy.pl\/index.php?rest_route=\/wp\/v2\/types\/page"}],"author":[{"embeddable":true,"href":"https:\/\/summit.snowy.pl\/index.php?rest_route=\/wp\/v2\/users\/1"}],"replies":[{"embeddable":true,"href":"https:\/\/summit.snowy.pl\/index.php?rest_route=%2Fwp%2Fv2%2Fcomments&post=3861"}],"version-history":[{"count":2,"href":"https:\/\/summit.snowy.pl\/index.php?rest_route=\/wp\/v2\/pages\/3861\/revisions"}],"predecessor-version":[{"id":3863,"href":"https:\/\/summit.snowy.pl\/index.php?rest_route=\/wp\/v2\/pages\/3861\/revisions\/3863"}],"wp:attachment":[{"href":"https:\/\/summit.snowy.pl\/index.php?rest_route=%2Fwp%2Fv2%2Fmedia&parent=3861"}],"curies":[{"name":"wp","href":"https:\/\/api.w.org\/{rel}","templated":true}]}}