{"id":614,"date":"2014-07-05T20:33:40","date_gmt":"2014-07-05T19:33:40","guid":{"rendered":"http:\/\/summit.snowy.pl\/?page_id=614"},"modified":"2014-07-14T22:08:13","modified_gmt":"2014-07-14T21:08:13","slug":"tatry-2013-wpisy","status":"publish","type":"page","link":"https:\/\/summit.snowy.pl\/?page_id=614","title":{"rendered":"Tatry 2013"},"content":{"rendered":"<ul class=\"lcp_catlist\" id=\"lcp_instance_0\"><li><a href=\"https:\/\/summit.snowy.pl\/?p=54\">Tatry<\/a><\/li><li><a href=\"https:\/\/summit.snowy.pl\/?p=67\">Dzie\u0144 I Dolina Chocho\u0142owska<\/a><\/li><li><a href=\"https:\/\/summit.snowy.pl\/?p=78\">Dzie\u0144 II Trzydniowia\u0144ski Wierch, Ko\u0144czysty Wierch<\/a><\/li><li><a href=\"https:\/\/summit.snowy.pl\/?p=92\">Dzie\u0144 III Ornak &#8211; Tatry<\/a><\/li><li><a href=\"https:\/\/summit.snowy.pl\/?p=100\">Dzie\u0144 IV Kondratowa &#8211; Tatry<\/a><\/li><li><a href=\"https:\/\/summit.snowy.pl\/?p=110\">Dzie\u0144 V Roztoka<\/a><\/li><li><a href=\"https:\/\/summit.snowy.pl\/?p=114\">Dzie\u0144 VI<\/a><\/li><li><a href=\"https:\/\/summit.snowy.pl\/?p=126\">Dzie\u0144 VII MOK<\/a><\/li><li><a href=\"https:\/\/summit.snowy.pl\/?p=139\">Dzie\u0144 VIII Powr\u00f3t<\/a><\/li><\/ul>\n","protected":false},"excerpt":{"rendered":"","protected":false},"author":1,"featured_media":0,"parent":0,"menu_order":0,"comment_status":"open","ping_status":"open","template":"","meta":{"ngg_post_thumbnail":0,"footnotes":""},"class_list":["post-614","page","type-page","status-publish","hentry"],"aioseo_notices":[],"_links":{"self":[{"href":"https:\/\/summit.snowy.pl\/index.php?rest_route=\/wp\/v2\/pages\/614","targetHints":{"allow":["GET"]}}],"collection":[{"href":"https:\/\/summit.snowy.pl\/index.php?rest_route=\/wp\/v2\/pages"}],"about":[{"href":"https:\/\/summit.snowy.pl\/index.php?rest_route=\/wp\/v2\/types\/page"}],"author":[{"embeddable":true,"href":"https:\/\/summit.snowy.pl\/index.php?rest_route=\/wp\/v2\/users\/1"}],"replies":[{"embeddable":true,"href":"https:\/\/summit.snowy.pl\/index.php?rest_route=%2Fwp%2Fv2%2Fcomments&post=614"}],"version-history":[{"count":4,"href":"https:\/\/summit.snowy.pl\/index.php?rest_route=\/wp\/v2\/pages\/614\/revisions"}],"predecessor-version":[{"id":855,"href":"https:\/\/summit.snowy.pl\/index.php?rest_route=\/wp\/v2\/pages\/614\/revisions\/855"}],"wp:attachment":[{"href":"https:\/\/summit.snowy.pl\/index.php?rest_route=%2Fwp%2Fv2%2Fmedia&parent=614"}],"curies":[{"name":"wp","href":"https:\/\/api.w.org\/{rel}","templated":true}]}}