{"id":617,"date":"2014-07-05T20:37:22","date_gmt":"2014-07-05T19:37:22","guid":{"rendered":"http:\/\/summit.snowy.pl\/?page_id=617"},"modified":"2014-07-14T22:08:34","modified_gmt":"2014-07-14T21:08:34","slug":"gdansk-i-okolice-wpisy","status":"publish","type":"page","link":"https:\/\/summit.snowy.pl\/?page_id=617","title":{"rendered":"Gda\u0144sk i okolice"},"content":{"rendered":"<ul class=\"lcp_catlist\" id=\"lcp_instance_0\"><li><a href=\"https:\/\/summit.snowy.pl\/?p=148\">Sobotni spacer ulicami Gda\u0144ska<\/a><\/li><li><a href=\"https:\/\/summit.snowy.pl\/?p=3314\">\u015awi\u0105tecznie z Gda\u0144ska<\/a><\/li><li><a href=\"https:\/\/summit.snowy.pl\/?p=3401\">Zimowo &#8211; szlakiem Tr\u00f3jmiejskiego Parku Krajobrazowego<\/a><\/li><\/ul>\n","protected":false},"excerpt":{"rendered":"","protected":false},"author":1,"featured_media":0,"parent":0,"menu_order":0,"comment_status":"open","ping_status":"open","template":"","meta":{"ngg_post_thumbnail":0,"footnotes":""},"class_list":["post-617","page","type-page","status-publish","hentry"],"aioseo_notices":[],"_links":{"self":[{"href":"https:\/\/summit.snowy.pl\/index.php?rest_route=\/wp\/v2\/pages\/617","targetHints":{"allow":["GET"]}}],"collection":[{"href":"https:\/\/summit.snowy.pl\/index.php?rest_route=\/wp\/v2\/pages"}],"about":[{"href":"https:\/\/summit.snowy.pl\/index.php?rest_route=\/wp\/v2\/types\/page"}],"author":[{"embeddable":true,"href":"https:\/\/summit.snowy.pl\/index.php?rest_route=\/wp\/v2\/users\/1"}],"replies":[{"embeddable":true,"href":"https:\/\/summit.snowy.pl\/index.php?rest_route=%2Fwp%2Fv2%2Fcomments&post=617"}],"version-history":[{"count":3,"href":"https:\/\/summit.snowy.pl\/index.php?rest_route=\/wp\/v2\/pages\/617\/revisions"}],"predecessor-version":[{"id":856,"href":"https:\/\/summit.snowy.pl\/index.php?rest_route=\/wp\/v2\/pages\/617\/revisions\/856"}],"wp:attachment":[{"href":"https:\/\/summit.snowy.pl\/index.php?rest_route=%2Fwp%2Fv2%2Fmedia&parent=617"}],"curies":[{"name":"wp","href":"https:\/\/api.w.org\/{rel}","templated":true}]}}