{"id":622,"date":"2014-07-05T20:38:57","date_gmt":"2014-07-05T19:38:57","guid":{"rendered":"http:\/\/summit.snowy.pl\/?page_id=622"},"modified":"2014-07-14T22:08:58","modified_gmt":"2014-07-14T21:08:58","slug":"nasze","status":"publish","type":"page","link":"https:\/\/summit.snowy.pl\/?page_id=622","title":{"rendered":"Nasze"},"content":{"rendered":"<ul class=\"lcp_catlist\" id=\"lcp_instance_0\"><li><a href=\"https:\/\/summit.snowy.pl\/?p=154\">Wiosna<\/a><\/li><li><a href=\"https:\/\/summit.snowy.pl\/?p=2090\">Zamek Ksi\u0105\u017c &#8211; Wa\u0142brzych<\/a><\/li><li><a href=\"https:\/\/summit.snowy.pl\/?p=2184\">A w mi\u0119dzyczasie Warszawa w subiektywnym obiektywie<\/a><\/li><li><a href=\"https:\/\/summit.snowy.pl\/?p=3258\">Lidzbark Warmi\u0144ski<\/a><\/li><\/ul>\n","protected":false},"excerpt":{"rendered":"","protected":false},"author":1,"featured_media":0,"parent":0,"menu_order":0,"comment_status":"open","ping_status":"open","template":"","meta":{"ngg_post_thumbnail":0,"footnotes":""},"class_list":["post-622","page","type-page","status-publish","hentry"],"aioseo_notices":[],"_links":{"self":[{"href":"https:\/\/summit.snowy.pl\/index.php?rest_route=\/wp\/v2\/pages\/622","targetHints":{"allow":["GET"]}}],"collection":[{"href":"https:\/\/summit.snowy.pl\/index.php?rest_route=\/wp\/v2\/pages"}],"about":[{"href":"https:\/\/summit.snowy.pl\/index.php?rest_route=\/wp\/v2\/types\/page"}],"author":[{"embeddable":true,"href":"https:\/\/summit.snowy.pl\/index.php?rest_route=\/wp\/v2\/users\/1"}],"replies":[{"embeddable":true,"href":"https:\/\/summit.snowy.pl\/index.php?rest_route=%2Fwp%2Fv2%2Fcomments&post=622"}],"version-history":[{"count":2,"href":"https:\/\/summit.snowy.pl\/index.php?rest_route=\/wp\/v2\/pages\/622\/revisions"}],"predecessor-version":[{"id":857,"href":"https:\/\/summit.snowy.pl\/index.php?rest_route=\/wp\/v2\/pages\/622\/revisions\/857"}],"wp:attachment":[{"href":"https:\/\/summit.snowy.pl\/index.php?rest_route=%2Fwp%2Fv2%2Fmedia&parent=622"}],"curies":[{"name":"wp","href":"https:\/\/api.w.org\/{rel}","templated":true}]}}