{"id":756,"date":"2014-07-08T22:13:31","date_gmt":"2014-07-08T21:13:31","guid":{"rendered":"http:\/\/summit.snowy.pl\/?page_id=756"},"modified":"2014-08-31T20:50:08","modified_gmt":"2014-08-31T19:50:08","slug":"miejsca-na-swiecie","status":"publish","type":"page","link":"https:\/\/summit.snowy.pl\/?page_id=756","title":{"rendered":"Miejsca na \u015bwiecie"},"content":{"rendered":"<ul class=\"lcp_catlist\" id=\"lcp_instance_0\"><li><a href=\"https:\/\/summit.snowy.pl\/?p=759\">Serbia &#8211; Nisz- 27-30 maj 2014<\/a><\/li><li><a href=\"https:\/\/summit.snowy.pl\/?p=1265\">Grecja &#8211; Kreta- Apartamenty Mediterranea i pla\u017cowanie<\/a><\/li><li><a href=\"https:\/\/summit.snowy.pl\/?p=1635\">Kreta krajobrazy jednego dnia- Jaskinia Nied\u017awiedzia,Tajemnicze Klasztory: Moni Gouvernetou, Tzargalon i Katholiko<\/a><\/li><li><a href=\"https:\/\/summit.snowy.pl\/?p=1685\">Kreta &#8211; ten sam dzie\u0144 widziany oczami natury: Rzeka \u017b\u00f3\u0142wi, Jezioro Kournas<\/a><\/li><li><a href=\"https:\/\/summit.snowy.pl\/?p=1706\">Kreta &#8211; w\u0119drujemy dalej: Ogr\u00f3d Botaniczny.<\/a><\/li><li><a href=\"https:\/\/summit.snowy.pl\/?p=1721\">Najwy\u017csza g\u00f3ra Krety Psiloritis znana r\u00f3wnie\u017c jako Mount Ida lub Timios Stravos &#8211; 2456 m. n.p.m<\/a><\/li><li><a href=\"https:\/\/summit.snowy.pl\/?p=1746\">R\u00f3\u017cowe piaski Elafonisi i s\u0142o\u0144ce kryj\u0105ce si\u0119 w\u015br\u00f3d morza wr\u00f3t<\/a><\/li><li><a href=\"https:\/\/summit.snowy.pl\/?p=1777\">Podr\u00f3\u017c do wn\u0119trza Ziemi: Jaskinia Melidoni (Gerontospilios)<\/a><\/li><li><a href=\"https:\/\/summit.snowy.pl\/?p=1810\">Odrobina raju na ziemi. Laguna Balos i wyspa Gramvoussa<\/a><\/li><li><a href=\"https:\/\/summit.snowy.pl\/?p=1820\">Afrata raj dla wytrwa\u0142ych<\/a><\/li><li><a href=\"https:\/\/summit.snowy.pl\/?p=1799\">W\u015br\u00f3d kr\u0119tych uliczek Rethymnonu<\/a><\/li><li><a href=\"https:\/\/summit.snowy.pl\/?p=1825\">I\u015b\u0107 ci\u0105gle i\u015b\u0107. W\u0105w\u00f3z Samaria.<\/a><\/li><li><a href=\"https:\/\/summit.snowy.pl\/?p=1836\">Pani Chania<\/a><\/li><li><a href=\"https:\/\/summit.snowy.pl\/?p=2249\">Wakacje 2015 &#8211; cel S\u0142owenia<\/a><\/li><li><a href=\"https:\/\/summit.snowy.pl\/?p=2270\">Lublana miasto smok\u00f3w &#8211; S\u0142owenia<\/a><\/li><li><a href=\"https:\/\/summit.snowy.pl\/?p=2340\">Golica &#8211; 1835 m n.p.m. &#8211; Karawanki &#8211; S\u0142owenia<\/a><\/li><li><a href=\"https:\/\/summit.snowy.pl\/?p=2457\">Jaskinie Skocjanskie &#8211; z pod ziemi nad morze<\/a><\/li><li><a href=\"https:\/\/summit.snowy.pl\/?p=2497\">W\u0105w\u00f3z Vintgar<\/a><\/li><li><a href=\"https:\/\/summit.snowy.pl\/?p=2535\">Wodospad Savica<\/a><\/li><li><a href=\"https:\/\/summit.snowy.pl\/?p=2577\">Dolina Logarska<\/a><\/li><li><a href=\"https:\/\/summit.snowy.pl\/?p=2630\">Stol &#8211; Karawanki &#8211; 2236 m n.p.m.<\/a><\/li><li><a href=\"https:\/\/summit.snowy.pl\/?p=2693\">Bled Days 2015<\/a><\/li><li><a href=\"https:\/\/summit.snowy.pl\/?p=2851\">One day London trip czyli jednodniowy spacer po Londynie<\/a><\/li><li><a href=\"https:\/\/summit.snowy.pl\/?p=3034\">Bradford &#8211; Leeds<\/a><\/li><\/ul>\n","protected":false},"excerpt":{"rendered":"","protected":false},"author":1,"featured_media":0,"parent":0,"menu_order":0,"comment_status":"open","ping_status":"open","template":"","meta":{"ngg_post_thumbnail":0,"footnotes":""},"class_list":["post-756","page","type-page","status-publish","hentry"],"aioseo_notices":[],"_links":{"self":[{"href":"https:\/\/summit.snowy.pl\/index.php?rest_route=\/wp\/v2\/pages\/756","targetHints":{"allow":["GET"]}}],"collection":[{"href":"https:\/\/summit.snowy.pl\/index.php?rest_route=\/wp\/v2\/pages"}],"about":[{"href":"https:\/\/summit.snowy.pl\/index.php?rest_route=\/wp\/v2\/types\/page"}],"author":[{"embeddable":true,"href":"https:\/\/summit.snowy.pl\/index.php?rest_route=\/wp\/v2\/users\/1"}],"replies":[{"embeddable":true,"href":"https:\/\/summit.snowy.pl\/index.php?rest_route=%2Fwp%2Fv2%2Fcomments&post=756"}],"version-history":[{"count":4,"href":"https:\/\/summit.snowy.pl\/index.php?rest_route=\/wp\/v2\/pages\/756\/revisions"}],"predecessor-version":[{"id":882,"href":"https:\/\/summit.snowy.pl\/index.php?rest_route=\/wp\/v2\/pages\/756\/revisions\/882"}],"wp:attachment":[{"href":"https:\/\/summit.snowy.pl\/index.php?rest_route=%2Fwp%2Fv2%2Fmedia&parent=756"}],"curies":[{"name":"wp","href":"https:\/\/api.w.org\/{rel}","templated":true}]}}